
{"id":37,"date":"2021-04-04T02:44:14","date_gmt":"2021-04-04T02:44:14","guid":{"rendered":"https:\/\/ihume.org\/?page_id=37"},"modified":"2022-05-16T23:40:29","modified_gmt":"2022-05-16T23:40:29","slug":"presentacion","status":"publish","type":"page","link":"https:\/\/ihume.org\/en\/presentacion\/","title":{"rendered":"Presentation"},"content":{"rendered":"<div data-elementor-type=\"wp-page\" data-elementor-id=\"37\" class=\"elementor elementor-37\" data-elementor-post-type=\"page\">\n\t\t\t\t\t\t\t\t\t<section class=\"elementor-section elementor-top-section elementor-element elementor-element-88345d7 elementor-section-height-min-height elementor-section-full_width elementor-section-height-default elementor-section-items-middle\" data-id=\"88345d7\" data-element_type=\"section\" data-settings=\"{&quot;background_background&quot;:&quot;classic&quot;}\">\n\t\t\t\t\t\t\t<div class=\"elementor-background-overlay\"><\/div>\n\t\t\t\t\t\t\t<div class=\"elementor-container elementor-column-gap-default\">\n\t\t\t\t\t<div class=\"elementor-column elementor-col-100 elementor-top-column elementor-element elementor-element-cb1fe9a\" data-id=\"cb1fe9a\" data-element_type=\"column\">\n\t\t\t<div class=\"elementor-widget-wrap elementor-element-populated\">\n\t\t\t\t\t\t\t\t<div class=\"elementor-element elementor-element-f240f96 elementor-widget elementor-widget-heading\" data-id=\"f240f96\" data-element_type=\"widget\" data-widget_type=\"heading.default\">\n\t\t\t\t<div class=\"elementor-widget-container\">\n\t\t\t<style>.elementor-element-f240f96{display:none !important}<\/style>\t\t<\/div>\n\t\t\t\t<\/div>\n\t\t\t\t<div class=\"elementor-element elementor-element-f537e4b elementor-widget elementor-widget-heading\" data-id=\"f537e4b\" data-element_type=\"widget\" data-widget_type=\"heading.default\">\n\t\t\t\t<div class=\"elementor-widget-container\">\n\t\t\t<h2 class=\"elementor-heading-title elementor-size-default\">The David Hume Institute Foundation<\/h2>\t\t<\/div>\n\t\t\t\t<\/div>\n\t\t\t\t\t<\/div>\n\t\t<\/div>\n\t\t\t\t\t\t\t<\/div>\n\t\t<\/section>\n\t\t\t\t<section class=\"elementor-section elementor-top-section elementor-element elementor-element-665ac50 elementor-section-boxed elementor-section-height-default elementor-section-height-default\" data-id=\"665ac50\" data-element_type=\"section\" data-settings=\"{&quot;background_background&quot;:&quot;classic&quot;}\">\n\t\t\t\t\t\t<div class=\"elementor-container elementor-column-gap-wide\">\n\t\t\t\t\t<div class=\"elementor-column elementor-col-50 elementor-top-column elementor-element elementor-element-37ff1b3\" data-id=\"37ff1b3\" data-element_type=\"column\">\n\t\t\t<div class=\"elementor-widget-wrap elementor-element-populated\">\n\t\t\t\t\t\t\t\t<div class=\"elementor-element elementor-element-1d805d5 elementor-widget elementor-widget-image\" data-id=\"1d805d5\" data-element_type=\"widget\" data-widget_type=\"image.default\">\n\t\t\t\t<div class=\"elementor-widget-container\">\n\t\t\t\t\t\t\t\t\t\t\t\t\t\t\t<img loading=\"lazy\" decoding=\"async\" width=\"1024\" height=\"768\" src=\"https:\/\/ihume.org\/wp-content\/uploads\/2021\/11\/Biblio-2-1-1024x768.jpg\" class=\"attachment-large size-large wp-image-475\" alt=\"\" srcset=\"https:\/\/ihume.org\/wp-content\/uploads\/2021\/11\/Biblio-2-1-1024x768.jpg 1024w, https:\/\/ihume.org\/wp-content\/uploads\/2021\/11\/Biblio-2-1-300x225.jpg 300w, https:\/\/ihume.org\/wp-content\/uploads\/2021\/11\/Biblio-2-1-768x576.jpg 768w, https:\/\/ihume.org\/wp-content\/uploads\/2021\/11\/Biblio-2-1-1536x1152.jpg 1536w, https:\/\/ihume.org\/wp-content\/uploads\/2021\/11\/Biblio-2-1-2048x1536.jpg 2048w\" sizes=\"auto, (max-width: 1024px) 100vw, 1024px\" \/>\t\t\t\t\t\t\t\t\t\t\t\t\t\t\t<\/div>\n\t\t\t\t<\/div>\n\t\t\t\t\t<\/div>\n\t\t<\/div>\n\t\t\t\t<div class=\"elementor-column elementor-col-50 elementor-top-column elementor-element elementor-element-84179b5\" data-id=\"84179b5\" data-element_type=\"column\">\n\t\t\t<div class=\"elementor-widget-wrap elementor-element-populated\">\n\t\t\t\t\t\t\t\t<div class=\"elementor-element elementor-element-8784743 elementor-widget elementor-widget-heading\" data-id=\"8784743\" data-element_type=\"widget\" data-widget_type=\"heading.default\">\n\t\t\t\t<div class=\"elementor-widget-container\">\n\t\t\t<h2 class=\"elementor-heading-title elementor-size-default\">Research<\/h2>\t\t<\/div>\n\t\t\t\t<\/div>\n\t\t\t\t<div class=\"elementor-element elementor-element-5dfc9ab elementor-widget elementor-widget-text-editor\" data-id=\"5dfc9ab\" data-element_type=\"widget\" data-widget_type=\"text-editor.default\">\n\t\t\t\t<div class=\"elementor-widget-container\">\n\t\t\t\t\t\t\t<p>The David Hume Institute Foundation <span class=\"filosofo\">David Hume<\/span> \u2013 Center for Research in Normative and Institutional Evolution \u2013 is a research center and academic think tank, based in the city of Buenos Aires, Argentina, which aims to explore various lines of thought in the areas of law, the humanities, and the social sciences, in order to understand the evolution of norms and institutions and make public policy proposals.<\/p>\t\t\t\t\t\t<\/div>\n\t\t\t\t<\/div>\n\t\t\t\t\t<\/div>\n\t\t<\/div>\n\t\t\t\t\t\t\t<\/div>\n\t\t<\/section>\n\t\t\t\t<section class=\"elementor-section elementor-top-section elementor-element elementor-element-0449b1b elementor-section-boxed elementor-section-height-default elementor-section-height-default\" data-id=\"0449b1b\" data-element_type=\"section\" data-settings=\"{&quot;background_background&quot;:&quot;classic&quot;}\">\n\t\t\t\t\t\t<div class=\"elementor-container elementor-column-gap-wide\">\n\t\t\t\t\t<div class=\"elementor-column elementor-col-50 elementor-top-column elementor-element elementor-element-1de09b9\" data-id=\"1de09b9\" data-element_type=\"column\">\n\t\t\t<div class=\"elementor-widget-wrap elementor-element-populated\">\n\t\t\t\t\t\t\t\t<div class=\"elementor-element elementor-element-1c57a7b elementor-absolute elementor-widget elementor-widget-menu-anchor\" data-id=\"1c57a7b\" data-element_type=\"widget\" data-settings=\"{&quot;_position&quot;:&quot;absolute&quot;}\" data-widget_type=\"menu-anchor.default\">\n\t\t\t\t<div class=\"elementor-widget-container\">\n\t\t\t\t\t<div id=\"historia\" class=\"elementor-menu-anchor\"><\/div>\n\t\t\t\t<\/div>\n\t\t\t\t<\/div>\n\t\t\t\t<div class=\"elementor-element elementor-element-141d0a4 elementor-widget elementor-widget-heading\" data-id=\"141d0a4\" data-element_type=\"widget\" data-widget_type=\"heading.default\">\n\t\t\t\t<div class=\"elementor-widget-container\">\n\t\t\t<h2 class=\"elementor-heading-title elementor-size-default\">History<\/h2>\t\t<\/div>\n\t\t\t\t<\/div>\n\t\t\t\t<div class=\"elementor-element elementor-element-586eb2a elementor-widget elementor-widget-text-editor\" data-id=\"586eb2a\" data-element_type=\"widget\" data-widget_type=\"text-editor.default\">\n\t\t\t\t<div class=\"elementor-widget-container\">\n\t\t\t\t\t\t\t<p>It takes its name from the empiricist philosopher <span class=\"filosofo\">David Hume<\/span>, exponent of the Scottish Enlightenment of the 18th century, whose ideas and spirit of free inquiry today inspire many of the most recent schools of thought about man and society, especially those that offer an evolutionary perspective of the institutions and that propose an interaction between the social and natural sciences.<\/p>\t\t\t\t\t\t<\/div>\n\t\t\t\t<\/div>\n\t\t\t\t\t<\/div>\n\t\t<\/div>\n\t\t\t\t<div class=\"elementor-column elementor-col-50 elementor-top-column elementor-element elementor-element-faeeb68\" data-id=\"faeeb68\" data-element_type=\"column\">\n\t\t\t<div class=\"elementor-widget-wrap elementor-element-populated\">\n\t\t\t\t\t\t\t\t<div class=\"elementor-element elementor-element-2ac68da elementor-widget elementor-widget-image\" data-id=\"2ac68da\" data-element_type=\"widget\" data-widget_type=\"image.default\">\n\t\t\t\t<div class=\"elementor-widget-container\">\n\t\t\t\t\t\t\t\t\t\t\t\t\t\t\t<img loading=\"lazy\" decoding=\"async\" width=\"1024\" height=\"569\" src=\"https:\/\/ihume.org\/wp-content\/uploads\/2021\/11\/Gallo-1-1024x569.jpg\" class=\"attachment-large size-large wp-image-483\" alt=\"\" srcset=\"https:\/\/ihume.org\/wp-content\/uploads\/2021\/11\/Gallo-1-1024x569.jpg 1024w, https:\/\/ihume.org\/wp-content\/uploads\/2021\/11\/Gallo-1-300x167.jpg 300w, https:\/\/ihume.org\/wp-content\/uploads\/2021\/11\/Gallo-1-768x427.jpg 768w, https:\/\/ihume.org\/wp-content\/uploads\/2021\/11\/Gallo-1-1536x854.jpg 1536w, https:\/\/ihume.org\/wp-content\/uploads\/2021\/11\/Gallo-1-2048x1138.jpg 2048w\" sizes=\"auto, (max-width: 1024px) 100vw, 1024px\" \/>\t\t\t\t\t\t\t\t\t\t\t\t\t\t\t<\/div>\n\t\t\t\t<\/div>\n\t\t\t\t\t<\/div>\n\t\t<\/div>\n\t\t\t\t\t\t\t<\/div>\n\t\t<\/section>\n\t\t\t\t<section class=\"elementor-section elementor-top-section elementor-element elementor-element-0f17355 elementor-section-boxed elementor-section-height-default elementor-section-height-default\" data-id=\"0f17355\" data-element_type=\"section\" data-settings=\"{&quot;background_background&quot;:&quot;classic&quot;}\">\n\t\t\t\t\t\t<div class=\"elementor-container elementor-column-gap-wide\">\n\t\t\t\t\t<div class=\"elementor-column elementor-col-50 elementor-top-column elementor-element elementor-element-61a9854\" data-id=\"61a9854\" data-element_type=\"column\">\n\t\t\t<div class=\"elementor-widget-wrap elementor-element-populated\">\n\t\t\t\t\t\t\t\t<div class=\"elementor-element elementor-element-339108a elementor--h-position-center elementor--v-position-middle elementor-arrows-position-inside elementor-widget elementor-widget-slides\" data-id=\"339108a\" data-element_type=\"widget\" data-settings=\"{&quot;navigation&quot;:&quot;arrows&quot;,&quot;autoplay&quot;:&quot;yes&quot;,&quot;pause_on_hover&quot;:&quot;yes&quot;,&quot;pause_on_interaction&quot;:&quot;yes&quot;,&quot;autoplay_speed&quot;:5000,&quot;infinite&quot;:&quot;yes&quot;,&quot;transition&quot;:&quot;slide&quot;,&quot;transition_speed&quot;:500}\" data-widget_type=\"slides.default\">\n\t\t\t\t<div class=\"elementor-widget-container\">\n\t\t\t\t\t<div class=\"elementor-swiper\">\n\t\t\t<div class=\"elementor-slides-wrapper elementor-main-swiper swiper-container\" dir=\"ltr\" data-animation=\"\">\n\t\t\t\t<div class=\"swiper-wrapper elementor-slides\">\n\t\t\t\t\t\t\t\t\t\t<div class=\"elementor-repeater-item-bfa556e swiper-slide\"><div class=\"swiper-slide-bg\" role=\"img\"><\/div><div class=\"swiper-slide-inner\" ><div class=\"swiper-slide-contents\"><div class=\"elementor-slide-description\">\"La civilizaci\u00f3n descansa en el hecho de que todos nos beneficiamos de un conocimiento que no poseemos...\"<\/div><div  class=\"elementor-button elementor-slide-button elementor-size-sm\"> F. A. Hayek <\/div><\/div><\/div><\/div><div class=\"elementor-repeater-item-e4abec7 swiper-slide\"><div class=\"swiper-slide-bg\" role=\"img\"><\/div><div class=\"swiper-slide-inner\" ><div class=\"swiper-slide-contents\"><div class=\"elementor-slide-description\">\u201cCiertamente es posible preservar la honestidad intelectual en las condiciones m\u00e1s dif\u00edciles. Pero no todos somos h\u00e9roes; si atribuimos un gran valor a la ciencia, tambi\u00e9n debemos propugnar un orden social que no haga demasiado dif\u00edcil esa honestidad intelectual.\u201d<\/div><div  class=\"elementor-button elementor-slide-button elementor-size-sm\">  F. A. Hayek.<\/div><\/div><\/div><\/div>\t\t\t\t<\/div>\n\t\t\t\t\t\t\t\t\t\t\t\t\t\t\t\t\t\t\t\t<div class=\"elementor-swiper-button elementor-swiper-button-prev\" role=\"button\" tabindex=\"0\">\n\t\t\t\t\t\t\t<i aria-hidden=\"true\" class=\"eicon-chevron-left\"><\/i>\t\t\t\t\t\t\t<span class=\"elementor-screen-only\">Previous slide<\/span>\n\t\t\t\t\t\t<\/div>\n\t\t\t\t\t\t<div class=\"elementor-swiper-button elementor-swiper-button-next\" role=\"button\" tabindex=\"0\">\n\t\t\t\t\t\t\t<i aria-hidden=\"true\" class=\"eicon-chevron-right\"><\/i>\t\t\t\t\t\t\t<span class=\"elementor-screen-only\">Next slide<\/span>\n\t\t\t\t\t\t<\/div>\n\t\t\t\t\t\t\t\t\t\t\t\t<\/div>\n\t\t<\/div>\n\t\t\t\t<\/div>\n\t\t\t\t<\/div>\n\t\t\t\t\t<\/div>\n\t\t<\/div>\n\t\t\t\t<div class=\"elementor-column elementor-col-50 elementor-top-column elementor-element elementor-element-a19b1de\" data-id=\"a19b1de\" data-element_type=\"column\">\n\t\t\t<div class=\"elementor-widget-wrap elementor-element-populated\">\n\t\t\t\t\t\t\t\t<div class=\"elementor-element elementor-element-9df73a1 elementor-widget elementor-widget-heading\" data-id=\"9df73a1\" data-element_type=\"widget\" data-widget_type=\"heading.default\">\n\t\t\t\t<div class=\"elementor-widget-container\">\n\t\t\t<h2 class=\"elementor-heading-title elementor-size-default\">Purpose<\/h2>\t\t<\/div>\n\t\t\t\t<\/div>\n\t\t\t\t<div class=\"elementor-element elementor-element-e6527bb elementor-widget elementor-widget-text-editor\" data-id=\"e6527bb\" data-element_type=\"widget\" data-widget_type=\"text-editor.default\">\n\t\t\t\t<div class=\"elementor-widget-container\">\n\t\t\t\t\t\t\t<p>It is the purpose of the <span class=\"filosofo\">David Hume <\/span>Foundation to update the academic debate by incorporating the most recent advances in the fields of evolutionary theory, experimental philosophy and economics, evolutionary game theory, behavioral law and economics, neuroscience, as well as more recent versions of the public choice school, new institutional economics, and rational choice theory.\u00a0<span style=\"font-style: inherit; font-weight: inherit;\">&#8220;La Fundaci\u00f3n David Hume se aboca al an\u00e1lisis de diversos aspectos de la realidad social a la luz de estas miradas, elaborando investigaciones y ofreciendo actividades de difusi\u00f3n de las mismas.&#8221;<\/span><\/p>\t\t\t\t\t\t<\/div>\n\t\t\t\t<\/div>\n\t\t\t\t\t<\/div>\n\t\t<\/div>\n\t\t\t\t\t\t\t<\/div>\n\t\t<\/section>\n\t\t\t\t<section class=\"elementor-section elementor-top-section elementor-element elementor-element-479b781 elementor-section-boxed elementor-section-height-default elementor-section-height-default\" data-id=\"479b781\" data-element_type=\"section\" data-settings=\"{&quot;background_background&quot;:&quot;classic&quot;}\">\n\t\t\t\t\t\t<div class=\"elementor-container elementor-column-gap-wide\">\n\t\t\t\t\t<div class=\"elementor-column elementor-col-50 elementor-top-column elementor-element elementor-element-71c2589\" data-id=\"71c2589\" data-element_type=\"column\">\n\t\t\t<div class=\"elementor-widget-wrap elementor-element-populated\">\n\t\t\t\t\t\t\t\t<div class=\"elementor-element elementor-element-22c9402 elementor-widget elementor-widget-image\" data-id=\"22c9402\" data-element_type=\"widget\" data-widget_type=\"image.default\">\n\t\t\t\t<div class=\"elementor-widget-container\">\n\t\t\t\t\t\t\t\t\t\t\t\t\t\t\t<img loading=\"lazy\" decoding=\"async\" width=\"467\" height=\"467\" src=\"https:\/\/ihume.org\/wp-content\/uploads\/2021\/04\/16004390428485.jpg\" class=\"attachment-large size-large wp-image-68\" alt=\"\" srcset=\"https:\/\/ihume.org\/wp-content\/uploads\/2021\/04\/16004390428485.jpg 467w, https:\/\/ihume.org\/wp-content\/uploads\/2021\/04\/16004390428485-300x300.jpg 300w, https:\/\/ihume.org\/wp-content\/uploads\/2021\/04\/16004390428485-150x150.jpg 150w\" sizes=\"auto, (max-width: 467px) 100vw, 467px\" \/>\t\t\t\t\t\t\t\t\t\t\t\t\t\t\t<\/div>\n\t\t\t\t<\/div>\n\t\t\t\t\t<\/div>\n\t\t<\/div>\n\t\t\t\t<div class=\"elementor-column elementor-col-50 elementor-top-column elementor-element elementor-element-ef40817\" data-id=\"ef40817\" data-element_type=\"column\">\n\t\t\t<div class=\"elementor-widget-wrap elementor-element-populated\">\n\t\t\t\t\t\t\t\t<div class=\"elementor-element elementor-element-347157f elementor-widget elementor-widget-heading\" data-id=\"347157f\" data-element_type=\"widget\" data-widget_type=\"heading.default\">\n\t\t\t\t<div class=\"elementor-widget-container\">\n\t\t\t<h2 class=\"elementor-heading-title elementor-size-default\">Who was David Hume?<\/h2>\t\t<\/div>\n\t\t\t\t<\/div>\n\t\t\t\t<div class=\"elementor-element elementor-element-f0ae165 elementor-widget elementor-widget-text-editor\" data-id=\"f0ae165\" data-element_type=\"widget\" data-widget_type=\"text-editor.default\">\n\t\t\t\t<div class=\"elementor-widget-container\">\n\t\t\t\t\t\t\tDavid Hume fue un fil\u00f3sofo, historiador, economista y ensayista escoc\u00e9s que naci\u00f3 en Edimburgo en 1711 y falleci\u00f3, en la misma ciudad, en 1776. Destacado por sus posiciones naturalistas y empiristas, form\u00f3 parte de la llamada &#8220;Ilustraci\u00f3n Escocesa&#8221;. Entre su legado intelectual se encuentran algunos de los m\u00e1s importantes planteos filos\u00f3ficos acerca del problema de la causalidad, el problema de la inducci\u00f3n y la falacia naturalista, entre otros. Algunas de sus obras m\u00e1s importantes son El Tratado de la Naturaleza Humana (1739), el Ensayo de Moral y Pol\u00edtica (1744) o las Investigaciones sobre el Entendimiento Humano (1748), adem\u00e1s de sus seis vol\u00famenes sobre la Historia de Inglaterra. Su obra ejerce una notable influencia en las escuelas filos\u00f3ficas y metodol\u00f3gicas contempor\u00e1neas\t\t\t\t\t\t<\/div>\n\t\t\t\t<\/div>\n\t\t\t\t\t<\/div>\n\t\t<\/div>\n\t\t\t\t\t\t\t<\/div>\n\t\t<\/section>\n\t\t\t\t<section class=\"elementor-section elementor-top-section elementor-element elementor-element-4d9e64d elementor-section-boxed elementor-section-height-default elementor-section-height-default\" data-id=\"4d9e64d\" data-element_type=\"section\" data-settings=\"{&quot;background_background&quot;:&quot;classic&quot;}\">\n\t\t\t\t\t\t\t<div class=\"elementor-background-overlay\"><\/div>\n\t\t\t\t\t\t\t<div class=\"elementor-container elementor-column-gap-wide\">\n\t\t\t\t\t<div class=\"elementor-column elementor-col-100 elementor-top-column elementor-element elementor-element-372d528\" data-id=\"372d528\" data-element_type=\"column\">\n\t\t\t<div class=\"elementor-widget-wrap elementor-element-populated\">\n\t\t\t\t\t\t\t\t<div class=\"elementor-element elementor-element-ffc090a elementor-widget elementor-widget-heading\" data-id=\"ffc090a\" data-element_type=\"widget\" data-widget_type=\"heading.default\">\n\t\t\t\t<div class=\"elementor-widget-container\">\n\t\t\t<h2 class=\"elementor-heading-title elementor-size-default\">Benefactors<\/h2>\t\t<\/div>\n\t\t\t\t<\/div>\n\t\t\t\t<div class=\"elementor-element elementor-element-1bc8c68 elementor-widget elementor-widget-text-editor\" data-id=\"1bc8c68\" data-element_type=\"widget\" data-widget_type=\"text-editor.default\">\n\t\t\t\t<div class=\"elementor-widget-container\">\n\t\t\t\t\t\t\t<p>At the time of its creation, the David Hume Institute Foundation had the support of different people to whom we are very grateful: Gabriela Serra (Notary Public), Pablo Wegbrait (Lawyer specializing in Trademarks and Patents), Sonia Dom\u00ednguez (Graphic Designer) and Mar\u00eda Elena Frumento, who gave us unconditional support and gave us the place for the meetings during the first years.<\/p><p>Over the years we have received the support of different people and institutions, receiving a Grant from Atlas Network in 2014.<\/p><p>Since 2014 and until now, we are deeply grateful to the company Argenmar S.A. who has welcomed us in their offices, given workplace and meeting rooms during all these years.<\/p><p>If yuu are interested in supporting our projects, please write to us at\u00a0<a href=\"mailto:ihume@ihume.org\" target=\"_blank\" rel=\"noopener\">ihume@ihume.org<\/a><\/p>\t\t\t\t\t\t<\/div>\n\t\t\t\t<\/div>\n\t\t\t\t\t<\/div>\n\t\t<\/div>\n\t\t\t\t\t\t\t<\/div>\n\t\t<\/section>\n\t\t\t\t\t\t\t<\/div>","protected":false},"excerpt":{"rendered":"<p>Fundaci\u00f3n Instituto David Hume Investigaciones La Fundaci\u00f3n Instituto David Hume &#8211; Centro de Investigaciones en Evoluci\u00f3n Normativa e Institucional &#8211; es un centro de investigaciones y think tank acad\u00e9mico,\u00a0con asiento en la ciudad de Buenos Aires, Argentina,\u00a0 que se propone explorar diversas l\u00edneas del pensamiento en las \u00e1reas del derecho, las humanidades y las ciencias &hellip;<\/p>\n<p class=\"read-more\"> <a class=\"\" href=\"https:\/\/ihume.org\/en\/presentacion\/\"> <span class=\"screen-reader-text\">Presentation<\/span> Read More &raquo;<\/a><\/p>","protected":false},"author":1,"featured_media":0,"parent":0,"menu_order":0,"comment_status":"closed","ping_status":"closed","template":"","meta":{"_eb_attr":"","site-sidebar-layout":"no-sidebar","site-content-layout":"page-builder","ast-global-header-display":"","ast-main-header-display":"","ast-hfb-above-header-display":"","ast-hfb-below-header-display":"","ast-hfb-mobile-header-display":"","site-post-title":"disabled","ast-breadcrumbs-content":"","ast-featured-img":"disabled","footer-sml-layout":"disabled","theme-transparent-header-meta":"default","adv-header-id-meta":"","stick-header-meta":"","header-above-stick-meta":"","header-main-stick-meta":"","header-below-stick-meta":"","footnotes":""},"class_list":["post-37","page","type-page","status-publish","hentry"],"_links":{"self":[{"href":"https:\/\/ihume.org\/en\/wp-json\/wp\/v2\/pages\/37","targetHints":{"allow":["GET"]}}],"collection":[{"href":"https:\/\/ihume.org\/en\/wp-json\/wp\/v2\/pages"}],"about":[{"href":"https:\/\/ihume.org\/en\/wp-json\/wp\/v2\/types\/page"}],"author":[{"embeddable":true,"href":"https:\/\/ihume.org\/en\/wp-json\/wp\/v2\/users\/1"}],"replies":[{"embeddable":true,"href":"https:\/\/ihume.org\/en\/wp-json\/wp\/v2\/comments?post=37"}],"version-history":[{"count":63,"href":"https:\/\/ihume.org\/en\/wp-json\/wp\/v2\/pages\/37\/revisions"}],"predecessor-version":[{"id":1371,"href":"https:\/\/ihume.org\/en\/wp-json\/wp\/v2\/pages\/37\/revisions\/1371"}],"wp:attachment":[{"href":"https:\/\/ihume.org\/en\/wp-json\/wp\/v2\/media?parent=37"}],"curies":[{"name":"wp","href":"https:\/\/api.w.org\/{rel}","templated":true}]}}